{"id":362,"date":"2025-03-21T11:20:46","date_gmt":"2025-03-21T10:20:46","guid":{"rendered":"https:\/\/weingut-schauss.de\/shop\/produkt\/artikel-nr-87-112011-monzinger-fruehlingsplaetzchen-riesling-trockenbeerenauslese\/"},"modified":"2026-04-03T07:43:23","modified_gmt":"2026-04-03T05:43:23","slug":"artikel-nr-350-112011-monzinger-fruehlingsplaetzchen-riesling-trockenbeerenauslese","status":"publish","type":"product","link":"https:\/\/weingut-schauss.de\/shop\/produkt\/artikel-nr-350-112011-monzinger-fruehlingsplaetzchen-riesling-trockenbeerenauslese\/","title":{"rendered":"<br>Artikel-Nr.: 350-11<br>2011 Monzinger Fr\u00fchlingspl\u00e4tzchen <br>Riesling Trockenbeerenauslese<br>"},"content":{"rendered":"<p><!-- IBGHTML --><P><!-- IBGHTML -->Die warme Thermik &#8218;Im Fuchsloch\u201c l\u00e4sst gr\u00fc\u00dfen! Hierdurch konnten<BR>perfekte Rosinen f\u00fcr diesen Wein entstehen. Dieser Wein macht richtig Spa\u00df.<BR>Au\u00dfergew\u00f6hnlich klar, wundersch\u00f6ne Honigaromen.<BR>Goldene Kammerpreism\u00fcnze 2012<\/P><br \/><P>&nbsp;<\/P><\/p>\n<table WIDTH=\"60%\" BORDER=\"0\" align=\"left\" CELLPADDING=\"0\" CELLSPACING=\"0\"><\/p>\n<tr>\n<td width=\"53%\">Artikelnummer:<\/td>\n<td width=\"47%\"><strong>350-11<\/strong><\/td>\n<\/tr>\n<p><\/p>\n<tr>\n<td>Inhalt<\/td>\n<td><strong>0,375 Ltr.<\/strong><\/td>\n<\/tr>\n<p><\/p>\n<tr>\n<td>Preis\/Ltr.<\/td>\n<td><strong>170,67 EUR pro Ltr.<\/strong><\/td>\n<\/tr>\n<p><\/p>\n<tr>\n<td>Weinart:<\/td>\n<td><strong>Wei\u00dfwein<\/strong><\/td>\n<\/tr>\n<p><\/p>\n<tr>\n<td>Qualit&auml;tsstufe<\/td>\n<td><strong>Trockenbeerenauslese<\/strong><\/td>\n<\/tr>\n<p><\/p>\n<tr>\n<td>Restzuckergehalt<\/td>\n<td><strong><\/strong><\/td>\n<\/tr>\n<p><\/p>\n<tr>\n<td>Alkoholgehalt<\/td>\n<td><strong><\/strong><\/td>\n<\/tr>\n<p><\/p>\n<tr>\n<td>enth\u00e4lt Allergene:<\/td>\n<td><strong>Sulfite<\/strong><\/td>\n<\/tr>\n<p><\/table>\n","protected":false},"excerpt":{"rendered":"<p>Die warme Thermik &#8218;Im Fuchsloch\u201c l\u00e4sst gr\u00fc\u00dfen! Hierdurch konntenperfekte Rosinen f\u00fcr diesen Wein entstehen. Dieser Wein macht richtig Spa\u00df.Au\u00dfergew\u00f6hnlich klar, [&hellip;]<\/p>\n","protected":false},"featured_media":300,"comment_status":"open","ping_status":"closed","template":"","meta":{"site-sidebar-layout":"default","site-content-layout":"","ast-site-content-layout":"","site-content-style":"default","site-sidebar-style":"default","ast-global-header-display":"","ast-banner-title-visibility":"","ast-main-header-display":"","ast-hfb-above-header-display":"","ast-hfb-below-header-display":"","ast-hfb-mobile-header-display":"","site-post-title":"","ast-breadcrumbs-content":"","ast-featured-img":"","footer-sml-layout":"","theme-transparent-header-meta":"","adv-header-id-meta":"","stick-header-meta":"","header-above-stick-meta":"","header-main-stick-meta":"","header-below-stick-meta":"","astra-migrate-meta-layouts":"default","ast-page-background-enabled":"default","ast-page-background-meta":{"desktop":{"background-color":"var(--ast-global-color-4)","background-image":"","background-repeat":"repeat","background-position":"center center","background-size":"auto","background-attachment":"scroll","background-type":"","background-media":"","overlay-type":"","overlay-color":"","overlay-opacity":"","overlay-gradient":""},"tablet":{"background-color":"","background-image":"","background-repeat":"repeat","background-position":"center center","background-size":"auto","background-attachment":"scroll","background-type":"","background-media":"","overlay-type":"","overlay-color":"","overlay-opacity":"","overlay-gradient":""},"mobile":{"background-color":"","background-image":"","background-repeat":"repeat","background-position":"center center","background-size":"auto","background-attachment":"scroll","background-type":"","background-media":"","overlay-type":"","overlay-color":"","overlay-opacity":"","overlay-gradient":""}},"ast-content-background-meta":{"desktop":{"background-color":"var(--ast-global-color-5)","background-image":"","background-repeat":"repeat","background-position":"center center","background-size":"auto","background-attachment":"scroll","background-type":"","background-media":"","overlay-type":"","overlay-color":"","overlay-opacity":"","overlay-gradient":""},"tablet":{"background-color":"var(--ast-global-color-5)","background-image":"","background-repeat":"repeat","background-position":"center center","background-size":"auto","background-attachment":"scroll","background-type":"","background-media":"","overlay-type":"","overlay-color":"","overlay-opacity":"","overlay-gradient":""},"mobile":{"background-color":"var(--ast-global-color-5)","background-image":"","background-repeat":"repeat","background-position":"center center","background-size":"auto","background-attachment":"scroll","background-type":"","background-media":"","overlay-type":"","overlay-color":"","overlay-opacity":"","overlay-gradient":""}}},"product_brand":[],"product_cat":[34],"product_tag":[],"class_list":{"0":"post-362","1":"product","2":"type-product","3":"status-publish","4":"has-post-thumbnail","6":"product_cat-leuchtturmweine","7":"desktop-align-left","8":"tablet-align-left","9":"mobile-align-left","11":"first","12":"instock","13":"taxable","14":"shipping-taxable","15":"purchasable","16":"product-type-simple"},"_links":{"self":[{"href":"https:\/\/weingut-schauss.de\/shop\/wp-json\/wp\/v2\/product\/362","targetHints":{"allow":["GET"]}}],"collection":[{"href":"https:\/\/weingut-schauss.de\/shop\/wp-json\/wp\/v2\/product"}],"about":[{"href":"https:\/\/weingut-schauss.de\/shop\/wp-json\/wp\/v2\/types\/product"}],"replies":[{"embeddable":true,"href":"https:\/\/weingut-schauss.de\/shop\/wp-json\/wp\/v2\/comments?post=362"}],"wp:featuredmedia":[{"embeddable":true,"href":"https:\/\/weingut-schauss.de\/shop\/wp-json\/wp\/v2\/media\/300"}],"wp:attachment":[{"href":"https:\/\/weingut-schauss.de\/shop\/wp-json\/wp\/v2\/media?parent=362"}],"wp:term":[{"taxonomy":"product_brand","embeddable":true,"href":"https:\/\/weingut-schauss.de\/shop\/wp-json\/wp\/v2\/product_brand?post=362"},{"taxonomy":"product_cat","embeddable":true,"href":"https:\/\/weingut-schauss.de\/shop\/wp-json\/wp\/v2\/product_cat?post=362"},{"taxonomy":"product_tag","embeddable":true,"href":"https:\/\/weingut-schauss.de\/shop\/wp-json\/wp\/v2\/product_tag?post=362"}],"curies":[{"name":"wp","href":"https:\/\/api.w.org\/{rel}","templated":true}]}}