{"id":40,"date":"2024-09-23T12:18:11","date_gmt":"2024-09-23T10:18:11","guid":{"rendered":"https:\/\/weinhelp7.de\/SHOPNEU\/?page_id=40"},"modified":"2024-09-23T12:36:11","modified_gmt":"2024-09-23T10:36:11","slug":"lieferung-und-zahlung","status":"publish","type":"page","link":"https:\/\/weingut-schauss.de\/shop\/lieferung-und-zahlung\/","title":{"rendered":"Lieferung und Zahlung"},"content":{"rendered":"<DIV id=\"WH_Zahlung\"><!-- IBGHTML --><p><font size=\"3\"><font size=\"4\"><strong>Verkaufs- und Lieferungsbedingungen<\/strong><\/font> <br><br>Die Preise sind einschlie\u00dflich der gesetzlichen Mwst. <br>Bei Lieferungen auf Nord- u. Ostseeinseln wird der Inselzuschlag in Rechnung gestellt. <br>Die Lieferung erfolgt mengenabh\u00e4ngig mit DHL, UPS oder Spedition. Es wird im Regelfall immer der g\u00fcnstigste Weg von uns gew\u00e4hlt. <br><br>Frachtfreie Lieferung ab 400,00 \u20ac Warenwert.<br>DHL oder UPS Versand: Lieferungen bis 54 Flaschen. <br>Die Lieferung erfolgt bei Weinflaschen mit 0,75l Inhalt in 12er oder 15er Kartons. <br>Die Lieferung erfolgt bei Sektflaschen und Weinflaschen mit 1,0l Inhalt in max. 12er Kartons. <br>Die Frachtkosten hierf\u00fcr betragen 8,50 \u20ac pro Karton \u2013 bei mehreren Kartons (&gt; 12 Flaschen pro Karton) an einen Empf\u00e4nger jedoch maximal 20,00 \u20ac.&nbsp;<br><br> Speditionsversand: Lieferungen gr\u00f6\u00dfer als 54 Flaschen. Bei Liefermengen \u00fcber 54 Flaschen werden, wenn der Warenwert f\u00fcr eine frachtfreie Lieferung nicht erreicht wird, 20,00 \u20ac Frachtkostenanteil berechnet. <br><br>Lieferungen au\u00dferhalb Deutschlands: Frachtkosten werden individuell berechnet. Bestellungen sind au\u00dferhalb Deutschland nur telefonisch oder par Mail m\u00f6glich.<br><br><\/font><\/p><\/Div>","protected":false},"excerpt":{"rendered":"","protected":false},"author":1,"featured_media":0,"parent":0,"menu_order":0,"comment_status":"closed","ping_status":"closed","template":"","meta":{"site-sidebar-layout":"default","site-content-layout":"","ast-site-content-layout":"","site-content-style":"default","site-sidebar-style":"default","ast-global-header-display":"","ast-banner-title-visibility":"","ast-main-header-display":"","ast-hfb-above-header-display":"","ast-hfb-below-header-display":"","ast-hfb-mobile-header-display":"","site-post-title":"","ast-breadcrumbs-content":"","ast-featured-img":"","footer-sml-layout":"","theme-transparent-header-meta":"","adv-header-id-meta":"","stick-header-meta":"","header-above-stick-meta":"","header-main-stick-meta":"","header-below-stick-meta":"","astra-migrate-meta-layouts":"default","ast-page-background-enabled":"default","ast-page-background-meta":{"desktop":{"background-color":"var(--ast-global-color-4)","background-image":"","background-repeat":"repeat","background-position":"center center","background-size":"auto","background-attachment":"scroll","background-type":"","background-media":"","overlay-type":"","overlay-color":"","overlay-opacity":"","overlay-gradient":""},"tablet":{"background-color":"","background-image":"","background-repeat":"repeat","background-position":"center center","background-size":"auto","background-attachment":"scroll","background-type":"","background-media":"","overlay-type":"","overlay-color":"","overlay-opacity":"","overlay-gradient":""},"mobile":{"background-color":"","background-image":"","background-repeat":"repeat","background-position":"center center","background-size":"auto","background-attachment":"scroll","background-type":"","background-media":"","overlay-type":"","overlay-color":"","overlay-opacity":"","overlay-gradient":""}},"ast-content-background-meta":{"desktop":{"background-color":"var(--ast-global-color-5)","background-image":"","background-repeat":"repeat","background-position":"center center","background-size":"auto","background-attachment":"scroll","background-type":"","background-media":"","overlay-type":"","overlay-color":"","overlay-opacity":"","overlay-gradient":""},"tablet":{"background-color":"var(--ast-global-color-5)","background-image":"","background-repeat":"repeat","background-position":"center center","background-size":"auto","background-attachment":"scroll","background-type":"","background-media":"","overlay-type":"","overlay-color":"","overlay-opacity":"","overlay-gradient":""},"mobile":{"background-color":"var(--ast-global-color-5)","background-image":"","background-repeat":"repeat","background-position":"center center","background-size":"auto","background-attachment":"scroll","background-type":"","background-media":"","overlay-type":"","overlay-color":"","overlay-opacity":"","overlay-gradient":""}},"footnotes":""},"class_list":["post-40","page","type-page","status-publish","hentry"],"_links":{"self":[{"href":"https:\/\/weingut-schauss.de\/shop\/wp-json\/wp\/v2\/pages\/40","targetHints":{"allow":["GET"]}}],"collection":[{"href":"https:\/\/weingut-schauss.de\/shop\/wp-json\/wp\/v2\/pages"}],"about":[{"href":"https:\/\/weingut-schauss.de\/shop\/wp-json\/wp\/v2\/types\/page"}],"author":[{"embeddable":true,"href":"https:\/\/weingut-schauss.de\/shop\/wp-json\/wp\/v2\/users\/1"}],"replies":[{"embeddable":true,"href":"https:\/\/weingut-schauss.de\/shop\/wp-json\/wp\/v2\/comments?post=40"}],"version-history":[{"count":2,"href":"https:\/\/weingut-schauss.de\/shop\/wp-json\/wp\/v2\/pages\/40\/revisions"}],"predecessor-version":[{"id":45,"href":"https:\/\/weingut-schauss.de\/shop\/wp-json\/wp\/v2\/pages\/40\/revisions\/45"}],"wp:attachment":[{"href":"https:\/\/weingut-schauss.de\/shop\/wp-json\/wp\/v2\/media?parent=40"}],"curies":[{"name":"wp","href":"https:\/\/api.w.org\/{rel}","templated":true}]}}